{"id":15363,"date":"2015-04-16T10:35:31","date_gmt":"2015-04-16T10:35:31","guid":{"rendered":"http:\/\/demo.qodeinteractive.com\/bridge74\/?page_id=15363"},"modified":"2023-03-29T22:20:57","modified_gmt":"2023-03-29T22:20:57","slug":"contact","status":"publish","type":"page","link":"https:\/\/cnkglobal.org\/index.php\/contact\/","title":{"rendered":"Contact"},"content":{"rendered":"<div class=\"wpb-content-wrapper\"><p>[vc_row css_animation=&#8221;&#8221; row_type=&#8221;row&#8221; use_row_as_full_screen_section=&#8221;no&#8221; type=&#8221;grid&#8221; angled_section=&#8221;no&#8221; text_align=&#8221;left&#8221; background_image_as_pattern=&#8221;without_pattern&#8221; padding_top=&#8221;100&#8243; padding_bottom=&#8221;50&#8243; background_color=&#8221;#ffffff&#8221;][vc_column width=&#8221;7\/12&#8243; css=&#8221;.vc_custom_1554563529251{background-color: #4c495c !important;}&#8221;][vc_column_text css=&#8221;.vc_custom_1633005762542{background-color: #4c495c !important;}&#8221;]<\/p>\n<h3>\u0130leti\u015fim Formu G\u00fcncelleniyor<\/h3>\n<p>[\/vc_column_text][\/vc_column][vc_column width=&#8221;1\/12&#8243;][\/vc_column][vc_column width=&#8221;1\/3&#8243;][vc_separator type=&#8221;normal&#8221; up=&#8221;10&#8243; down=&#8221;10&#8243;][vc_column_text]<\/p>\n<h3><strong>Contact Info(Headquarters)<\/strong><\/h3>\n<p>[\/vc_column_text][vc_separator type=&#8221;normal&#8221; up=&#8221;10&#8243; down=&#8221;10&#8243;]<div class='q_icon_with_title small normal_icon '><div class=\"icon_holder q_icon_animation\" style=\" transition-delay: 0.3ms; -webkit-transition-delay: 0.3ms; -moz-transition-delay: 0.3ms; -o-transition-delay: 0.3ms;\"><span data-icon-type=\"normal\" style=\"font-size: 21px\" class=\"qode_iwt_icon_holder q_font_awsome_icon fa-2x  \"><i class=\"qode_icon_font_awesome fa fa-phone qode_iwt_icon_element\"><\/i><\/span><\/div><div class=\"icon_text_holder\" style=\"\"><div class=\"icon_text_inner\" style=\"\"><h5 class=\"icon_title\" style=\"\">Phone<\/h5><p style=''>+90 312 809 5838(Office) <br \/> +90 535 640 03 83 (Contact Mr Turgay BAKKAL, General Coordinator)<\/p><\/div><\/div><\/div><div class='q_icon_with_title small normal_icon '><div class=\"icon_holder q_icon_animation\" style=\" transition-delay: 0.9ms; -webkit-transition-delay: 0.9ms; -moz-transition-delay: 0.9ms; -o-transition-delay: 0.9ms;\"><span data-icon-type=\"normal\" style=\"font-size: 21px\" class=\"qode_iwt_icon_holder q_font_awsome_icon fa-2x  \"><i class=\"qode_icon_font_awesome fa fa-laptop qode_iwt_icon_element\"><\/i><\/span><\/div><div class=\"icon_text_holder\" style=\"\"><div class=\"icon_text_inner\" style=\"\"><h5 class=\"icon_title\" style=\"\">E-Mail<\/h5><p style=''>info@cnkglobal.org <br \/> turgay.bakkal@cnkglobal.org<\/p><\/div><\/div><\/div><div class='q_icon_with_title small normal_icon '><div class=\"icon_holder q_icon_animation\" style=\" transition-delay: 0.6ms; -webkit-transition-delay: 0.6ms; -moz-transition-delay: 0.6ms; -o-transition-delay: 0.6ms;\"><span data-icon-type=\"normal\" style=\"font-size: 21px\" class=\"qode_iwt_icon_holder q_font_awsome_icon fa-2x  \"><i class=\"qode_icon_font_awesome fa fa-envelope-o qode_iwt_icon_element\"><\/i><\/span><\/div><div class=\"icon_text_holder\" style=\"\"><div class=\"icon_text_inner\" style=\"\"><h5 class=\"icon_title\" style=\"\">Address<\/h5><p style=''>Kaz\u0131m \u00d6zalp Mahallesi Koza Caddesi Ta\u015fdemir Apartman\u0131 Blok No: 20 \u0130\u00e7 Kap\u0131 No: 3 06680 \u00c7ankaya-Ankara, T\u00fcrkiye<\/p><\/div><\/div><\/div>[vc_separator type=&#8221;normal&#8221; up=&#8221;10&#8243; down=&#8221;10&#8243;][vc_column_text]<\/p>\n<h3><strong>CNK Global Consultancy Poland<\/strong><\/h3>\n<p>[\/vc_column_text][vc_separator type=&#8221;normal&#8221; up=&#8221;10&#8243; down=&#8221;10&#8243;]<div class='q_icon_with_title small normal_icon '><div class=\"icon_holder q_icon_animation\" style=\" transition-delay: 0.3ms; -webkit-transition-delay: 0.3ms; -moz-transition-delay: 0.3ms; -o-transition-delay: 0.3ms;\"><span data-icon-type=\"normal\" style=\"font-size: 21px\" class=\"qode_iwt_icon_holder q_font_awsome_icon fa-2x  \"><i class=\"qode_icon_font_awesome fa fa-phone qode_iwt_icon_element\"><\/i><\/span><\/div><div class=\"icon_text_holder\" style=\"\"><div class=\"icon_text_inner\" style=\"\"><h5 class=\"icon_title\" style=\"\">Phone<\/h5><p style=''>+48 603 718 954 (Contact Mr Pawel PARAS)<\/p><\/div><\/div><\/div><div class='q_icon_with_title small normal_icon '><div class=\"icon_holder q_icon_animation\" style=\" transition-delay: 0.9ms; -webkit-transition-delay: 0.9ms; -moz-transition-delay: 0.9ms; -o-transition-delay: 0.9ms;\"><span data-icon-type=\"normal\" style=\"font-size: 21px\" class=\"qode_iwt_icon_holder q_font_awsome_icon fa-2x  \"><i class=\"qode_icon_font_awesome fa fa-laptop qode_iwt_icon_element\"><\/i><\/span><\/div><div class=\"icon_text_holder\" style=\"\"><div class=\"icon_text_inner\" style=\"\"><h5 class=\"icon_title\" style=\"\">E-Mail<\/h5><p style=''>pparas@cnkglobal.org<\/p><\/div><\/div><\/div><div class='q_icon_with_title small normal_icon '><div class=\"icon_holder q_icon_animation\" style=\" transition-delay: 0.6ms; -webkit-transition-delay: 0.6ms; -moz-transition-delay: 0.6ms; -o-transition-delay: 0.6ms;\"><span data-icon-type=\"normal\" style=\"font-size: 21px\" class=\"qode_iwt_icon_holder q_font_awsome_icon fa-2x  \"><i class=\"qode_icon_font_awesome fa fa-envelope-o qode_iwt_icon_element\"><\/i><\/span><\/div><div class=\"icon_text_holder\" style=\"\"><div class=\"icon_text_inner\" style=\"\"><h5 class=\"icon_title\" style=\"\">Address<\/h5><p style=''>ul. Danilowskiego 5\/46 94-208 \u0141\u00f3d\u017a, Poland<\/p><\/div><\/div><\/div>[vc_separator type=&#8221;normal&#8221; up=&#8221;10&#8243; down=&#8221;10&#8243;][vc_column_text]<\/p>\n<h3><strong>Technical Point of Contact<\/strong><\/h3>\n<h4>M. Kani HACIPA\u015eAO\u011eLU<\/h4>\n<p>[\/vc_column_text][vc_separator type=&#8221;normal&#8221; up=&#8221;10&#8243; down=&#8221;10&#8243;]<div class='q_icon_with_title small normal_icon '><div class=\"icon_holder q_icon_animation\" style=\" transition-delay: 0.3ms; -webkit-transition-delay: 0.3ms; -moz-transition-delay: 0.3ms; -o-transition-delay: 0.3ms;\"><span data-icon-type=\"normal\" style=\"font-size: 21px\" class=\"qode_iwt_icon_holder q_font_awsome_icon fa-2x  \"><i class=\"qode_icon_font_awesome fa fa-phone qode_iwt_icon_element\"><\/i><\/span><\/div><div class=\"icon_text_holder\" style=\"\"><div class=\"icon_text_inner\" style=\"\"><h5 class=\"icon_title\" style=\"\">Phone<\/h5><p style=''>+90533 633 71 59<\/p><\/div><\/div><\/div><div class='q_icon_with_title small normal_icon '><div class=\"icon_holder q_icon_animation\" style=\" transition-delay: 0.6ms; -webkit-transition-delay: 0.6ms; -moz-transition-delay: 0.6ms; -o-transition-delay: 0.6ms;\"><span data-icon-type=\"normal\" style=\"font-size: 21px\" class=\"qode_iwt_icon_holder q_font_awsome_icon fa-2x  \"><i class=\"qode_icon_font_awesome fa fa-envelope-o qode_iwt_icon_element\"><\/i><\/span><\/div><div class=\"icon_text_holder\" style=\"\"><div class=\"icon_text_inner\" style=\"\"><h5 class=\"icon_title\" style=\"\">Address<\/h5><p style=''>Kaz\u0131m \u00d6zalp Mahallesi Koza Caddesi Ta\u015fdemir Apartman\u0131 Blok No: 20 \u0130\u00e7 Kap\u0131 No: 3 06680 \u00c7ankaya-Ankara, T\u00fcrkiye<\/p><\/div><\/div><\/div><div class='q_icon_with_title small normal_icon '><div class=\"icon_holder q_icon_animation\" style=\" transition-delay: 0.9ms; -webkit-transition-delay: 0.9ms; -moz-transition-delay: 0.9ms; -o-transition-delay: 0.9ms;\"><span data-icon-type=\"normal\" style=\"font-size: 21px\" class=\"qode_iwt_icon_holder q_font_awsome_icon fa-2x  \"><i class=\"qode_icon_font_awesome fa fa-laptop qode_iwt_icon_element\"><\/i><\/span><\/div><div class=\"icon_text_holder\" style=\"\"><div class=\"icon_text_inner\" style=\"\"><h5 class=\"icon_title\" style=\"\">E-Mail<\/h5><p style=''>kani.hacipasaoglu@cnkglobal.org<\/p><\/div><\/div><\/div>[vc_separator type=&#8221;normal&#8221; up=&#8221;10&#8243; down=&#8221;10&#8243;][vc_single_image image=&#8221;15783&#8243; img_size=&#8221;full&#8221; alignment=&#8221;center&#8221; onclick=&#8221;custom_link&#8221; qode_css_animation=&#8221;&#8221; link=&#8221;http:\/\/webmail.cnkglobal.org&#8221; css=&#8221;.vc_custom_1556565175426{background-color: #4d4a5d !important;border-radius: 20px !important;}&#8221;][\/vc_column][\/vc_row][vc_row css_animation=&#8221;&#8221; row_type=&#8221;row&#8221; use_row_as_full_screen_section=&#8221;no&#8221; type=&#8221;grid&#8221; angled_section=&#8221;no&#8221; text_align=&#8221;center&#8221; background_image_as_pattern=&#8221;without_pattern&#8221; css=&#8221;.vc_custom_1554586842132{padding-right: 50px !important;padding-left: 50px !important;}&#8221; z_index=&#8221;&#8221;][vc_column][vc_separator type=&#8221;normal&#8221; up=&#8221;10&#8243; down=&#8221;10&#8243;][vc_column_text]<\/p>\n<p><center><iframe loading=\"lazy\" style=\"border: 0;\" src=\"https:\/\/www.google.com\/maps\/embed?pb=!1m18!1m12!1m3!1d3061.37485003949!2d32.86951695121094!3d39.888238979329216!2m3!1f0!2f0!3f0!3m2!1i1024!2i768!4f13.1!3m3!1m2!1s0x14d34f8df39ccc6d%3A0x33274b7127a3cf9!2zS2F6xLFtIMOWemFscCwgS296YSBTay4gTm86MjAsIDA2NzAwIMOHYW5rYXlhL0Fua2FyYQ!5e0!3m2!1str!2str!4v1658498334753!5m2!1str!2str\" width=\"1100\" height=\"400\" allowfullscreen=\"allowfullscreen\"><\/iframe><\/center>[\/vc_column_text][vc_separator type=&#8221;normal&#8221; up=&#8221;10&#8243; down=&#8221;10&#8243;][\/vc_column][\/vc_row]<\/p>\n<\/div>","protected":false},"excerpt":{"rendered":"<p>[vc_row css_animation=&#8221;&#8221; row_type=&#8221;row&#8221; use_row_as_full_screen_section=&#8221;no&#8221; type=&#8221;grid&#8221; angled_section=&#8221;no&#8221; text_align=&#8221;left&#8221; background_image_as_pattern=&#8221;without_pattern&#8221; padding_top=&#8221;100&#8243; padding_bottom=&#8221;50&#8243; background_color=&#8221;#ffffff&#8221;][vc_column width=&#8221;7\/12&#8243; css=&#8221;.vc_custom_1554563529251{background-color: #4c495c !important;}&#8221;][vc_column_text css=&#8221;.vc_custom_1633005762542{background-color: #4c495c !important;}&#8221;] \u0130leti\u015fim Formu G\u00fcncelleniyor [\/vc_column_text][\/vc_column][vc_column width=&#8221;1\/12&#8243;][\/vc_column][vc_column width=&#8221;1\/3&#8243;][vc_separator type=&#8221;normal&#8221; up=&#8221;10&#8243; down=&#8221;10&#8243;][vc_column_text] Contact Info(Headquarters) [\/vc_column_text][vc_separator type=&#8221;normal&#8221; up=&#8221;10&#8243; down=&#8221;10&#8243;][vc_separator type=&#8221;normal&#8221; up=&#8221;10&#8243; down=&#8221;10&#8243;][vc_column_text] CNK Global Consultancy Poland [\/vc_column_text][vc_separator type=&#8221;normal&#8221; up=&#8221;10&#8243; down=&#8221;10&#8243;][vc_separator type=&#8221;normal&#8221;&#8230;<\/p>\n","protected":false},"author":1,"featured_media":0,"parent":0,"menu_order":0,"comment_status":"open","ping_status":"closed","template":"full_width.php","meta":{"footnotes":""},"class_list":["post-15363","page","type-page","status-publish","hentry"],"_links":{"self":[{"href":"https:\/\/cnkglobal.org\/index.php\/wp-json\/wp\/v2\/pages\/15363","targetHints":{"allow":["GET"]}}],"collection":[{"href":"https:\/\/cnkglobal.org\/index.php\/wp-json\/wp\/v2\/pages"}],"about":[{"href":"https:\/\/cnkglobal.org\/index.php\/wp-json\/wp\/v2\/types\/page"}],"author":[{"embeddable":true,"href":"https:\/\/cnkglobal.org\/index.php\/wp-json\/wp\/v2\/users\/1"}],"replies":[{"embeddable":true,"href":"https:\/\/cnkglobal.org\/index.php\/wp-json\/wp\/v2\/comments?post=15363"}],"version-history":[{"count":0,"href":"https:\/\/cnkglobal.org\/index.php\/wp-json\/wp\/v2\/pages\/15363\/revisions"}],"wp:attachment":[{"href":"https:\/\/cnkglobal.org\/index.php\/wp-json\/wp\/v2\/media?parent=15363"}],"curies":[{"name":"wp","href":"https:\/\/api.w.org\/{rel}","templated":true}]}}