{"id":15798,"date":"2019-05-23T21:24:39","date_gmt":"2019-05-23T21:24:39","guid":{"rendered":"https:\/\/cnkglobal.org\/?page_id=15798"},"modified":"2019-05-23T21:47:49","modified_gmt":"2019-05-23T21:47:49","slug":"medya-iletisim-ve-simulasyon","status":"publish","type":"page","link":"https:\/\/cnkglobal.org\/index.php\/medya-iletisim-ve-simulasyon\/","title":{"rendered":"Medya, \u0130leti\u015fim ve Sim\u00fclasyon"},"content":{"rendered":"<div class=\"wpb-content-wrapper\"><p>[vc_row css_animation=&#8221;&#8221; row_type=&#8221;row&#8221; use_row_as_full_screen_section=&#8221;no&#8221; type=&#8221;full_width&#8221; angled_section=&#8221;no&#8221; text_align=&#8221;left&#8221; background_image_as_pattern=&#8221;without_pattern&#8221;][vc_column][vc_column_text]<span style=\"font-size: 14pt;\">\u00c7a\u011f\u0131m\u0131zda teknolojinin geli\u015fip yayg\u0131nla\u015fmas\u0131 ve bilgi alan\u0131n\u0131n s\u00fcrekli geli\u015fip de\u011fi\u015fen karma\u015f\u0131k bir yap\u0131 <\/span><span style=\"font-size: 14pt;\">haline gelmesi, bireyler ve kurumlar\u0131n bu konularda s\u00fcrekli olarak kendilerini geli\u015ftirmesini ve bu <\/span><span style=\"font-size: 14pt;\">alan\u0131n olas\u0131 s\u0131navlar\u0131na haz\u0131rl\u0131kl\u0131 olmas\u0131n\u0131 zorunlu k\u0131l\u0131yor.<\/span><\/p>\n<p><span style=\"font-size: 14pt;\">Gerek bar\u0131\u015fta, gerekse kriz ve \u00e7at\u0131\u015fma durumlar\u0131nda bir organizasyonun ba\u015far\u0131s\u0131 cayd\u0131r\u0131c\u0131l\u0131\u011f\u0131 ve <\/span><span style=\"font-size: 14pt;\">konvansiyonel g\u00fc\u00e7 ayg\u0131tlar\u0131n\u0131 nas\u0131l kulland\u0131\u011f\u0131 yan\u0131nda, art\u0131k bilgi alan\u0131n\u0131 ne kadar iyi anlay\u0131p analiz <\/span><span style=\"font-size: 14pt;\">edebildi\u011fi; ileti\u015fim ara\u00e7lar\u0131 ve medyay\u0131 kendi ama\u00e7lar\u0131na y\u00f6nelik ne kadar do\u011fru \u015fekilde ve ustal\u0131kla <\/span><span style=\"font-size: 14pt;\">kullanabildi\u011fi ile de \u00f6l\u00e7\u00fcl\u00fcyor.<\/span><\/p>\n<p><span style=\"font-size: 14pt;\">Alanlar\u0131nda engin uluslararas\u0131 tecr\u00fcbeye sahip dan\u0131\u015fmanlar\u0131m\u0131zla sizin ve kurumunuzun bu<\/span><br \/>\n<span style=\"font-size: 14pt;\">konulardaki kapasitesini geli\u015ftirmek i\u00e7in uygulamal\u0131 e\u011fitimler ve seminerler veriyoruz. Kurumunuzun <\/span><span style=\"font-size: 14pt;\">ve sizin bu alandaki yetkinli\u011finizi analiz ediyor, hedeflerinize y\u00f6nelik size \u00f6zel haz\u0131rlanm\u0131\u015f e\u011fitim <\/span><span style=\"font-size: 14pt;\">programlar\u0131yla sizi ba\u015far\u0131 yolunda destekliyoruz.<\/span><\/p>\n<p><span style=\"font-size: 14pt;\"><strong>Ki\u015fiye \u00d6zel ve Kurumsal E\u011fitimler:<\/strong><\/span><\/p>\n<ul>\n<li><span style=\"font-size: 14pt;\">Stratejik \u0130leti\u015fim<\/span><\/li>\n<li><span style=\"font-size: 14pt;\">Kriz Y\u00f6netimi<\/span><\/li>\n<li><span style=\"font-size: 14pt;\">Liderlik<\/span><\/li>\n<li><span style=\"font-size: 14pt;\">Medya Fark\u0131ndal\u0131\u011f\u0131<\/span><\/li>\n<li><span style=\"font-size: 14pt;\">R\u00f6portaj Teknikleri<\/span><\/li>\n<li><span style=\"font-size: 14pt;\">Beden Dili<\/span><\/li>\n<li><span style=\"font-size: 14pt;\">Asker\u00ee Halkla \u0130li\u015fkiler<\/span><\/li>\n<li><span style=\"font-size: 14pt;\">Sivil Asker \u0130li\u015fkileri<\/span><\/li>\n<li><span style=\"font-size: 14pt;\">Sosyal Medya<\/span><\/li>\n<\/ul>\n<p>[\/vc_column_text][vc_separator type=&#8221;normal&#8221;][vc_single_image image=&#8221;15759&#8243; img_size=&#8221;full&#8221; alignment=&#8221;center&#8221; onclick=&#8221;custom_link&#8221; qode_css_animation=&#8221;&#8221; link=&#8221;https:\/\/cnkglobal.org\/index.php\/our-services\/&#8221;][\/vc_column][\/vc_row]<\/p>\n<\/div>","protected":false},"excerpt":{"rendered":"<p>[vc_row css_animation=&#8221;&#8221; row_type=&#8221;row&#8221; use_row_as_full_screen_section=&#8221;no&#8221; type=&#8221;full_width&#8221; angled_section=&#8221;no&#8221; text_align=&#8221;left&#8221; background_image_as_pattern=&#8221;without_pattern&#8221;][vc_column][vc_column_text]\u00c7a\u011f\u0131m\u0131zda teknolojinin geli\u015fip yayg\u0131nla\u015fmas\u0131 ve bilgi alan\u0131n\u0131n s\u00fcrekli geli\u015fip de\u011fi\u015fen karma\u015f\u0131k bir yap\u0131 haline gelmesi, bireyler ve kurumlar\u0131n bu konularda s\u00fcrekli olarak kendilerini geli\u015ftirmesini ve bu alan\u0131n olas\u0131 s\u0131navlar\u0131na haz\u0131rl\u0131kl\u0131 olmas\u0131n\u0131 zorunlu k\u0131l\u0131yor. Gerek bar\u0131\u015fta, gerekse kriz ve&#8230;<\/p>\n","protected":false},"author":1,"featured_media":0,"parent":0,"menu_order":0,"comment_status":"closed","ping_status":"closed","template":"","meta":{"footnotes":""},"class_list":["post-15798","page","type-page","status-publish","hentry"],"_links":{"self":[{"href":"https:\/\/cnkglobal.org\/index.php\/wp-json\/wp\/v2\/pages\/15798","targetHints":{"allow":["GET"]}}],"collection":[{"href":"https:\/\/cnkglobal.org\/index.php\/wp-json\/wp\/v2\/pages"}],"about":[{"href":"https:\/\/cnkglobal.org\/index.php\/wp-json\/wp\/v2\/types\/page"}],"author":[{"embeddable":true,"href":"https:\/\/cnkglobal.org\/index.php\/wp-json\/wp\/v2\/users\/1"}],"replies":[{"embeddable":true,"href":"https:\/\/cnkglobal.org\/index.php\/wp-json\/wp\/v2\/comments?post=15798"}],"version-history":[{"count":0,"href":"https:\/\/cnkglobal.org\/index.php\/wp-json\/wp\/v2\/pages\/15798\/revisions"}],"wp:attachment":[{"href":"https:\/\/cnkglobal.org\/index.php\/wp-json\/wp\/v2\/media?parent=15798"}],"curies":[{"name":"wp","href":"https:\/\/api.w.org\/{rel}","templated":true}]}}